{"id":2078,"date":"2021-11-29T13:45:52","date_gmt":"2021-11-29T16:45:52","guid":{"rendered":"https:\/\/esconesi.com\/?page_id=2078"},"modified":"2024-12-12T15:38:44","modified_gmt":"2024-12-12T18:38:44","slug":"que-hacemos","status":"publish","type":"page","link":"https:\/\/esconesi.oci1.impactodigital.org\/en\/que-hacemos\/","title":{"rendered":"What we do"},"content":{"rendered":"\t\t<div data-elementor-type=\"wp-page\" data-elementor-id=\"2078\" class=\"elementor elementor-2078\" data-elementor-post-type=\"page\">\n\t\t\t\t\t\t<section class=\"elementor-section elementor-top-section elementor-element elementor-element-893c29d elementor-section-full_width elementor-section-content-middle elementor-section-stretched hero elementor-section-height-default elementor-section-height-default\" data-id=\"893c29d\" data-element_type=\"section\" data-e-type=\"section\" data-settings=\"{&quot;stretch_section&quot;:&quot;section-stretched&quot;}\">\n\t\t\t\t\t\t<div class=\"elementor-container elementor-column-gap-default\">\n\t\t\t\t\t<div class=\"elementor-column elementor-col-100 elementor-top-column elementor-element elementor-element-e20a332 overflow-hidden col-hero\" data-id=\"e20a332\" data-element_type=\"column\" data-e-type=\"column\" data-settings=\"{&quot;background_background&quot;:&quot;classic&quot;}\">\n\t\t\t<div class=\"elementor-widget-wrap elementor-element-populated\">\n\t\t\t\t\t<div class=\"elementor-background-overlay\"><\/div>\n\t\t\t\t\t\t<section class=\"elementor-section elementor-inner-section elementor-element elementor-element-32e7125 elementor-section-full_width elementor-section-height-default elementor-section-height-default\" data-id=\"32e7125\" data-element_type=\"section\" data-e-type=\"section\">\n\t\t\t\t\t\t<div class=\"elementor-container elementor-column-gap-default\">\n\t\t\t\t\t<div class=\"elementor-column elementor-col-100 elementor-inner-column elementor-element elementor-element-488c4bd\" data-id=\"488c4bd\" data-element_type=\"column\" data-e-type=\"column\">\n\t\t\t<div class=\"elementor-widget-wrap elementor-element-populated\">\n\t\t\t\t\t\t<div class=\"elementor-element elementor-element-efb5b20 elementor-widget elementor-widget-heading\" data-id=\"efb5b20\" data-element_type=\"widget\" data-e-type=\"widget\" data-widget_type=\"heading.default\">\n\t\t\t\t<div class=\"elementor-widget-container\">\n\t\t\t\t\t<h2 class=\"elementor-heading-title elementor-size-default\"><span class=\"rotated-title violeta\">\u00bfQu\u00e9 hacemos?<\/span><\/h2>\t\t\t\t<\/div>\n\t\t\t\t<\/div>\n\t\t\t\t\t<\/div>\n\t\t<\/div>\n\t\t\t\t\t<\/div>\n\t\t<\/section>\n\t\t\t\t<section class=\"elementor-section elementor-inner-section elementor-element elementor-element-40fa8d9 foto-hero elementor-section-boxed elementor-section-height-default elementor-section-height-default\" data-id=\"40fa8d9\" data-element_type=\"section\" data-e-type=\"section\" data-settings=\"{&quot;background_background&quot;:&quot;classic&quot;}\">\n\t\t\t\t\t\t<div class=\"elementor-container elementor-column-gap-default\">\n\t\t\t\t\t<div class=\"elementor-column elementor-col-100 elementor-inner-column elementor-element elementor-element-5dcd793\" data-id=\"5dcd793\" data-element_type=\"column\" data-e-type=\"column\">\n\t\t\t<div class=\"elementor-widget-wrap\">\n\t\t\t\t\t\t\t<\/div>\n\t\t<\/div>\n\t\t\t\t\t<\/div>\n\t\t<\/section>\n\t\t\t\t\t<\/div>\n\t\t<\/div>\n\t\t\t\t\t<\/div>\n\t\t<\/section>\n\t\t\t\t<section class=\"elementor-section elementor-top-section elementor-element elementor-element-d1a6a0c elementor-section-boxed elementor-section-height-default elementor-section-height-default\" data-id=\"d1a6a0c\" data-element_type=\"section\" data-e-type=\"section\" data-settings=\"{&quot;background_background&quot;:&quot;classic&quot;}\">\n\t\t\t\t\t\t<div class=\"elementor-container elementor-column-gap-default\">\n\t\t\t\t\t<div class=\"elementor-column elementor-col-100 elementor-top-column elementor-element elementor-element-9ce3daa rotated-col\" data-id=\"9ce3daa\" data-element_type=\"column\" data-e-type=\"column\" data-settings=\"{&quot;background_background&quot;:&quot;classic&quot;}\">\n\t\t\t<div class=\"elementor-widget-wrap elementor-element-populated\">\n\t\t\t\t\t\t<section class=\"elementor-section elementor-inner-section elementor-element elementor-element-9e01a8e not-rotated elementor-section-boxed elementor-section-height-default elementor-section-height-default\" data-id=\"9e01a8e\" data-element_type=\"section\" data-e-type=\"section\">\n\t\t\t\t\t\t<div class=\"elementor-container elementor-column-gap-default\">\n\t\t\t\t\t<div class=\"elementor-column elementor-col-100 elementor-inner-column elementor-element elementor-element-56cd961\" data-id=\"56cd961\" data-element_type=\"column\" data-e-type=\"column\">\n\t\t\t<div class=\"elementor-widget-wrap elementor-element-populated\">\n\t\t\t\t\t\t<div class=\"elementor-element elementor-element-ac4e916 elementor-widget elementor-widget-text-editor\" data-id=\"ac4e916\" data-element_type=\"widget\" data-e-type=\"widget\" data-widget_type=\"text-editor.default\">\n\t\t\t\t<div class=\"elementor-widget-container\">\n\t\t\t\t\t\t\t\t\t<p><strong>#EsConESI<\/strong> se propone contribuir a la educaci\u00f3n sexual integral en Am\u00e9rica Latina a trav\u00e9s del fortalecimiento de la participaci\u00f3n activa de j\u00f3venes. Es un programa de <strong>Impacto Digital<\/strong> y <strong>FUSA A.C.<\/strong><br \/>#EsConESI surgi\u00f3 en 2020 y desde aquel entonces, ha implementado numerosos proyectos que buscan potenciar las capacidades y la incidencia de j\u00f3venes activistas por la ESI\/EIS en la regi\u00f3n.<\/p><p>Detr\u00e1s de #EsConESI trabaja un <strong>equipo profesional liderado por j\u00f3venes<\/strong>, capacitado en brindar formaciones, generar campa\u00f1as y acompa\u00f1ar procesos.\u00a0<\/p><p>\u00bfNecesit\u00e1s asesoramiento joven para proyectos?\u00a0<br \/>\u00bfBusc\u00e1s capacitarte en ESI\/EIS?\u00a0<br \/>\u00bfTen\u00e9s alguna iniciativa para trabajar con nosotres?\u00a0<\/p>\t\t\t\t\t\t\t\t<\/div>\n\t\t\t\t<\/div>\n\t\t\t\t\t<\/div>\n\t\t<\/div>\n\t\t\t\t\t<\/div>\n\t\t<\/section>\n\t\t\t\t\t<\/div>\n\t\t<\/div>\n\t\t\t\t\t<\/div>\n\t\t<\/section>\n\t\t\t\t<section class=\"elementor-section elementor-top-section elementor-element elementor-element-1a04197 elementor-section-boxed elementor-section-height-default elementor-section-height-default\" data-id=\"1a04197\" data-element_type=\"section\" data-e-type=\"section\" data-settings=\"{&quot;background_background&quot;:&quot;classic&quot;}\">\n\t\t\t\t\t\t<div class=\"elementor-container elementor-column-gap-default\">\n\t\t\t\t\t<div class=\"elementor-column elementor-col-100 elementor-top-column elementor-element elementor-element-21da012\" data-id=\"21da012\" data-element_type=\"column\" data-e-type=\"column\">\n\t\t\t<div class=\"elementor-widget-wrap elementor-element-populated\">\n\t\t\t\t\t\t<div class=\"elementor-element elementor-element-a298dda elementor-widget elementor-widget-heading\" data-id=\"a298dda\" data-element_type=\"widget\" data-e-type=\"widget\" data-widget_type=\"heading.default\">\n\t\t\t\t<div class=\"elementor-widget-container\">\n\t\t\t\t\t<h2 class=\"elementor-heading-title elementor-size-default\">Charlemos<\/h2>\t\t\t\t<\/div>\n\t\t\t\t<\/div>\n\t\t\t\t<div class=\"elementor-element elementor-element-ec8768b elementor-widget__width-initial elementor-widget elementor-widget-wpforms\" data-id=\"ec8768b\" data-element_type=\"widget\" data-e-type=\"widget\" data-widget_type=\"wpforms.default\">\n\t\t\t\t<div class=\"elementor-widget-container\">\n\t\t\t\t\t<style id=\"wpforms-css-vars-elementor-widget-ec8768b\">\n\t\t\t\t.elementor-widget-wpforms.elementor-element-ec8768b {\n\t\t\t\t--wpforms-field-border-color: #00000000;\n--wpforms-field-border-color-spare: #00000000;\n--wpforms-label-color: #FFFFFF;\n--wpforms-label-sublabel-color: #F1F1F1;\n--wpforms-label-error-color: #FF6162;\n--wpforms-button-background-color: #FFFFFF;\n--wpforms-button-text-color: #73458B;\n--wpforms-field-text-color: #3C3C3C;\n\t\t\t}\n\t\t\t<\/style><div class=\"wpforms-container wpforms-container-full wpforms-render-modern\" id=\"wpforms-5660\"><form id=\"wpforms-form-5660\" class=\"wpforms-validate wpforms-form wpforms-ajax-form\" data-formid=\"5660\" method=\"post\" enctype=\"multipart\/form-data\" action=\"\/en\/wp-json\/wp\/v2\/pages\/2078\" data-token=\"33f1cc853546f3525bd050680f24f189\" data-token-time=\"1776059511\"><noscript class=\"wpforms-error-noscript\">Please enable JavaScript in your browser to complete this form.<\/noscript><div id=\"wpforms-error-noscript\" style=\"display: none;\">Please enable JavaScript in your browser to complete this form.<\/div><div class=\"wpforms-field-container\"><div id=\"wpforms-5660-field_1-container\" class=\"wpforms-field wpforms-field-text\" data-field-id=\"1\"><label class=\"wpforms-field-label\" for=\"wpforms-5660-field_1\">Nombre y Apellido <span class=\"wpforms-required-label\" aria-hidden=\"true\">*<\/span><\/label><input type=\"text\" id=\"wpforms-5660-field_1\" class=\"wpforms-field-large wpforms-field-required\" name=\"wpforms[fields][1]\" aria-errormessage=\"wpforms-5660-field_1-error\" required><\/div><div id=\"wpforms-5660-field_2-container\" class=\"wpforms-field wpforms-field-text\" data-field-id=\"2\"><label class=\"wpforms-field-label\" for=\"wpforms-5660-field_2\">Pa\u00eds <span class=\"wpforms-required-label\" aria-hidden=\"true\">*<\/span><\/label><input type=\"text\" id=\"wpforms-5660-field_2\" class=\"wpforms-field-large wpforms-field-required\" name=\"wpforms[fields][2]\" aria-errormessage=\"wpforms-5660-field_2-error\" required><\/div><div id=\"wpforms-5660-field_4-container\" class=\"wpforms-field wpforms-field-email\" data-field-id=\"4\"><label class=\"wpforms-field-label\" for=\"wpforms-5660-field_4\">E-mail <span class=\"wpforms-required-label\" aria-hidden=\"true\">*<\/span><\/label><input type=\"email\" id=\"wpforms-5660-field_4\" class=\"wpforms-field-large wpforms-field-required\" name=\"wpforms[fields][4]\" spellcheck=\"false\" aria-errormessage=\"wpforms-5660-field_4-error\" required><\/div><div id=\"wpforms-5660-field_5-container\" class=\"wpforms-field wpforms-field-textarea\" data-field-id=\"5\"><label class=\"wpforms-field-label\" for=\"wpforms-5660-field_5\">Consulta<\/label><textarea id=\"wpforms-5660-field_5\" class=\"wpforms-field-medium\" name=\"wpforms[fields][5]\" aria-errormessage=\"wpforms-5660-field_5-error\" ><\/textarea><\/div><\/div><!-- .wpforms-field-container --><div class=\"wpforms-submit-container\" ><input type=\"hidden\" name=\"wpforms[id]\" value=\"5660\"><input type=\"hidden\" name=\"page_title\" value=\"\"><input type=\"hidden\" name=\"page_url\" value=\"https:\/\/esconesi.oci1.impactodigital.org\/en\/wp-json\/wp\/v2\/pages\/2078\"><input type=\"hidden\" name=\"url_referer\" value=\"\"><button type=\"submit\" name=\"wpforms[submit]\" id=\"wpforms-submit-5660\" class=\"wpforms-submit\" data-alt-text=\"Enviando...\" data-submit-text=\"Enviar\" aria-live=\"assertive\" value=\"wpforms-submit\">Enviar<\/button><img decoding=\"async\" src=\"https:\/\/esconesi.oci1.impactodigital.org\/wp-content\/plugins\/wpforms-lite\/assets\/images\/submit-spin.svg\" class=\"wpforms-submit-spinner\" style=\"display: none;\" width=\"26\" height=\"26\" alt=\"Loading\"><\/div><\/form><\/div>  <!-- .wpforms-container -->\t\t\t\t<\/div>\n\t\t\t\t<\/div>\n\t\t\t\t\t<\/div>\n\t\t<\/div>\n\t\t\t\t\t<\/div>\n\t\t<\/section>\n\t\t\t\t<\/div>\n\t\t","protected":false},"excerpt":{"rendered":"<p>#EsConESI se propone contribuir a la educaci\u00f3n sexual integral en Am\u00e9rica Latina a trav\u00e9s del fortalecimiento de la participaci\u00f3n activa de j\u00f3venes. Es un programa de Impacto Digital y FUSA A.C.#EsConESI surgi\u00f3 en 2020 y desde aquel entonces, ha implementado numerosos proyectos que buscan potenciar las capacidades y la incidencia de j\u00f3venes activistas por la [&hellip;]<\/p>\n","protected":false},"author":3,"featured_media":5684,"parent":0,"menu_order":0,"comment_status":"closed","ping_status":"closed","template":"","meta":{"_acf_changed":false,"inline_featured_image":false,"_monsterinsights_skip_tracking":false,"_monsterinsights_sitenote_active":false,"_monsterinsights_sitenote_note":"","_monsterinsights_sitenote_category":0,"footnotes":""},"class_list":["post-2078","page","type-page","status-publish","has-post-thumbnail","hentry"],"acf":[],"yoast_head":"<!-- This site is optimized with the Yoast SEO plugin v27.3 - https:\/\/yoast.com\/product\/yoast-seo-wordpress\/ -->\n<title>\u00bfQu\u00e9 hacemos? - Es Con ESI<\/title>\n<meta name=\"robots\" content=\"index, follow, max-snippet:-1, max-image-preview:large, max-video-preview:-1\" \/>\n<link rel=\"canonical\" href=\"https:\/\/esconesi.com\/que-hacemos\/\" \/>\n<meta property=\"og:locale\" content=\"en_GB\" \/>\n<meta property=\"og:type\" content=\"article\" \/>\n<meta property=\"og:title\" content=\"\u00bfQu\u00e9 hacemos? - Es Con ESI\" \/>\n<meta property=\"og:description\" content=\"#EsConESI se propone contribuir a la educaci\u00f3n sexual integral en Am\u00e9rica Latina a trav\u00e9s del fortalecimiento de la participaci\u00f3n activa de j\u00f3venes. Es un programa de Impacto Digital y FUSA A.C.#EsConESI surgi\u00f3 en 2020 y desde aquel entonces, ha implementado numerosos proyectos que buscan potenciar las capacidades y la incidencia de j\u00f3venes activistas por la [&hellip;]\" \/>\n<meta property=\"og:url\" content=\"https:\/\/esconesi.com\/que-hacemos\/\" \/>\n<meta property=\"og:site_name\" content=\"Es Con ESI\" \/>\n<meta property=\"article:modified_time\" content=\"2024-12-12T18:38:44+00:00\" \/>\n<meta property=\"og:image\" content=\"https:\/\/esconesi.com\/wp-content\/uploads\/2024\/06\/bg-que-hacemos.jpg\" \/>\n\t<meta property=\"og:image:width\" content=\"1097\" \/>\n\t<meta property=\"og:image:height\" content=\"652\" \/>\n\t<meta property=\"og:image:type\" content=\"image\/jpeg\" \/>\n<meta name=\"twitter:card\" content=\"summary_large_image\" \/>\n<meta name=\"twitter:label1\" content=\"Estimated reading time\" \/>\n\t<meta name=\"twitter:data1\" content=\"1 minute\" \/>\n<script type=\"application\/ld+json\" class=\"yoast-schema-graph\">{\"@context\":\"https:\\\/\\\/schema.org\",\"@graph\":[{\"@type\":\"WebPage\",\"@id\":\"https:\\\/\\\/esconesi.com\\\/que-hacemos\\\/\",\"url\":\"https:\\\/\\\/esconesi.com\\\/que-hacemos\\\/\",\"name\":\"\u00bfQu\u00e9 hacemos? - Es Con ESI\",\"isPartOf\":{\"@id\":\"https:\\\/\\\/esconesi.com\\\/en\\\/#website\"},\"primaryImageOfPage\":{\"@id\":\"https:\\\/\\\/esconesi.com\\\/que-hacemos\\\/#primaryimage\"},\"image\":{\"@id\":\"https:\\\/\\\/esconesi.com\\\/que-hacemos\\\/#primaryimage\"},\"thumbnailUrl\":\"https:\\\/\\\/esconesi.oci1.impactodigital.org\\\/wp-content\\\/uploads\\\/2024\\\/06\\\/bg-que-hacemos.jpg\",\"datePublished\":\"2021-11-29T16:45:52+00:00\",\"dateModified\":\"2024-12-12T18:38:44+00:00\",\"breadcrumb\":{\"@id\":\"https:\\\/\\\/esconesi.com\\\/que-hacemos\\\/#breadcrumb\"},\"inLanguage\":\"en-GB\",\"potentialAction\":[{\"@type\":\"ReadAction\",\"target\":[\"https:\\\/\\\/esconesi.com\\\/que-hacemos\\\/\"]}]},{\"@type\":\"ImageObject\",\"inLanguage\":\"en-GB\",\"@id\":\"https:\\\/\\\/esconesi.com\\\/que-hacemos\\\/#primaryimage\",\"url\":\"https:\\\/\\\/esconesi.oci1.impactodigital.org\\\/wp-content\\\/uploads\\\/2024\\\/06\\\/bg-que-hacemos.jpg\",\"contentUrl\":\"https:\\\/\\\/esconesi.oci1.impactodigital.org\\\/wp-content\\\/uploads\\\/2024\\\/06\\\/bg-que-hacemos.jpg\",\"width\":1097,\"height\":652},{\"@type\":\"BreadcrumbList\",\"@id\":\"https:\\\/\\\/esconesi.com\\\/que-hacemos\\\/#breadcrumb\",\"itemListElement\":[{\"@type\":\"ListItem\",\"position\":1,\"name\":\"Home\",\"item\":\"https:\\\/\\\/esconesi.com\\\/en\\\/\"},{\"@type\":\"ListItem\",\"position\":2,\"name\":\"\u00bfQu\u00e9 hacemos?\"}]},{\"@type\":\"WebSite\",\"@id\":\"https:\\\/\\\/esconesi.com\\\/en\\\/#website\",\"url\":\"https:\\\/\\\/esconesi.com\\\/en\\\/\",\"name\":\"Es Con ESI\",\"description\":\"Soluciones j\u00f3venes para frenar la violencia de g\u00e9nero\",\"publisher\":{\"@id\":\"https:\\\/\\\/esconesi.com\\\/en\\\/#organization\"},\"potentialAction\":[{\"@type\":\"SearchAction\",\"target\":{\"@type\":\"EntryPoint\",\"urlTemplate\":\"https:\\\/\\\/esconesi.com\\\/en\\\/?s={search_term_string}\"},\"query-input\":{\"@type\":\"PropertyValueSpecification\",\"valueRequired\":true,\"valueName\":\"search_term_string\"}}],\"inLanguage\":\"en-GB\"},{\"@type\":\"Organization\",\"@id\":\"https:\\\/\\\/esconesi.com\\\/en\\\/#organization\",\"name\":\"Es Con ESI\",\"url\":\"https:\\\/\\\/esconesi.com\\\/en\\\/\",\"logo\":{\"@type\":\"ImageObject\",\"inLanguage\":\"en-GB\",\"@id\":\"https:\\\/\\\/esconesi.com\\\/en\\\/#\\\/schema\\\/logo\\\/image\\\/\",\"url\":\"https:\\\/\\\/esconesi.com\\\/wp-content\\\/uploads\\\/2021\\\/10\\\/esconesi-header.svg\",\"contentUrl\":\"https:\\\/\\\/esconesi.com\\\/wp-content\\\/uploads\\\/2021\\\/10\\\/esconesi-header.svg\",\"width\":193,\"height\":46,\"caption\":\"Es Con ESI\"},\"image\":{\"@id\":\"https:\\\/\\\/esconesi.com\\\/en\\\/#\\\/schema\\\/logo\\\/image\\\/\"},\"sameAs\":[\"https:\\\/\\\/www.youtube.com\\\/channel\\\/UCu6p2c-06SC2FIx5DJqTPNQ\\\/featured\"]}]}<\/script>\n<!-- \/ Yoast SEO plugin. -->","yoast_head_json":{"title":"\u00bfQu\u00e9 hacemos? - Es Con ESI","robots":{"index":"index","follow":"follow","max-snippet":"max-snippet:-1","max-image-preview":"max-image-preview:large","max-video-preview":"max-video-preview:-1"},"canonical":"https:\/\/esconesi.com\/que-hacemos\/","og_locale":"en_GB","og_type":"article","og_title":"\u00bfQu\u00e9 hacemos? - Es Con ESI","og_description":"#EsConESI se propone contribuir a la educaci\u00f3n sexual integral en Am\u00e9rica Latina a trav\u00e9s del fortalecimiento de la participaci\u00f3n activa de j\u00f3venes. Es un programa de Impacto Digital y FUSA A.C.#EsConESI surgi\u00f3 en 2020 y desde aquel entonces, ha implementado numerosos proyectos que buscan potenciar las capacidades y la incidencia de j\u00f3venes activistas por la [&hellip;]","og_url":"https:\/\/esconesi.com\/que-hacemos\/","og_site_name":"Es Con ESI","article_modified_time":"2024-12-12T18:38:44+00:00","og_image":[{"width":1097,"height":652,"url":"https:\/\/esconesi.com\/wp-content\/uploads\/2024\/06\/bg-que-hacemos.jpg","type":"image\/jpeg"}],"twitter_card":"summary_large_image","twitter_misc":{"Estimated reading time":"1 minute"},"schema":{"@context":"https:\/\/schema.org","@graph":[{"@type":"WebPage","@id":"https:\/\/esconesi.com\/que-hacemos\/","url":"https:\/\/esconesi.com\/que-hacemos\/","name":"\u00bfQu\u00e9 hacemos? - Es Con ESI","isPartOf":{"@id":"https:\/\/esconesi.com\/en\/#website"},"primaryImageOfPage":{"@id":"https:\/\/esconesi.com\/que-hacemos\/#primaryimage"},"image":{"@id":"https:\/\/esconesi.com\/que-hacemos\/#primaryimage"},"thumbnailUrl":"https:\/\/esconesi.oci1.impactodigital.org\/wp-content\/uploads\/2024\/06\/bg-que-hacemos.jpg","datePublished":"2021-11-29T16:45:52+00:00","dateModified":"2024-12-12T18:38:44+00:00","breadcrumb":{"@id":"https:\/\/esconesi.com\/que-hacemos\/#breadcrumb"},"inLanguage":"en-GB","potentialAction":[{"@type":"ReadAction","target":["https:\/\/esconesi.com\/que-hacemos\/"]}]},{"@type":"ImageObject","inLanguage":"en-GB","@id":"https:\/\/esconesi.com\/que-hacemos\/#primaryimage","url":"https:\/\/esconesi.oci1.impactodigital.org\/wp-content\/uploads\/2024\/06\/bg-que-hacemos.jpg","contentUrl":"https:\/\/esconesi.oci1.impactodigital.org\/wp-content\/uploads\/2024\/06\/bg-que-hacemos.jpg","width":1097,"height":652},{"@type":"BreadcrumbList","@id":"https:\/\/esconesi.com\/que-hacemos\/#breadcrumb","itemListElement":[{"@type":"ListItem","position":1,"name":"Home","item":"https:\/\/esconesi.com\/en\/"},{"@type":"ListItem","position":2,"name":"\u00bfQu\u00e9 hacemos?"}]},{"@type":"WebSite","@id":"https:\/\/esconesi.com\/en\/#website","url":"https:\/\/esconesi.com\/en\/","name":"Es Con ESI","description":"Soluciones j\u00f3venes para frenar la violencia de g\u00e9nero","publisher":{"@id":"https:\/\/esconesi.com\/en\/#organization"},"potentialAction":[{"@type":"SearchAction","target":{"@type":"EntryPoint","urlTemplate":"https:\/\/esconesi.com\/en\/?s={search_term_string}"},"query-input":{"@type":"PropertyValueSpecification","valueRequired":true,"valueName":"search_term_string"}}],"inLanguage":"en-GB"},{"@type":"Organization","@id":"https:\/\/esconesi.com\/en\/#organization","name":"Es Con ESI","url":"https:\/\/esconesi.com\/en\/","logo":{"@type":"ImageObject","inLanguage":"en-GB","@id":"https:\/\/esconesi.com\/en\/#\/schema\/logo\/image\/","url":"https:\/\/esconesi.com\/wp-content\/uploads\/2021\/10\/esconesi-header.svg","contentUrl":"https:\/\/esconesi.com\/wp-content\/uploads\/2021\/10\/esconesi-header.svg","width":193,"height":46,"caption":"Es Con ESI"},"image":{"@id":"https:\/\/esconesi.com\/en\/#\/schema\/logo\/image\/"},"sameAs":["https:\/\/www.youtube.com\/channel\/UCu6p2c-06SC2FIx5DJqTPNQ\/featured"]}]}},"_links":{"self":[{"href":"https:\/\/esconesi.oci1.impactodigital.org\/en\/wp-json\/wp\/v2\/pages\/2078","targetHints":{"allow":["GET"]}}],"collection":[{"href":"https:\/\/esconesi.oci1.impactodigital.org\/en\/wp-json\/wp\/v2\/pages"}],"about":[{"href":"https:\/\/esconesi.oci1.impactodigital.org\/en\/wp-json\/wp\/v2\/types\/page"}],"author":[{"embeddable":true,"href":"https:\/\/esconesi.oci1.impactodigital.org\/en\/wp-json\/wp\/v2\/users\/3"}],"replies":[{"embeddable":true,"href":"https:\/\/esconesi.oci1.impactodigital.org\/en\/wp-json\/wp\/v2\/comments?post=2078"}],"version-history":[{"count":88,"href":"https:\/\/esconesi.oci1.impactodigital.org\/en\/wp-json\/wp\/v2\/pages\/2078\/revisions"}],"predecessor-version":[{"id":6447,"href":"https:\/\/esconesi.oci1.impactodigital.org\/en\/wp-json\/wp\/v2\/pages\/2078\/revisions\/6447"}],"wp:featuredmedia":[{"embeddable":true,"href":"https:\/\/esconesi.oci1.impactodigital.org\/en\/wp-json\/wp\/v2\/media\/5684"}],"wp:attachment":[{"href":"https:\/\/esconesi.oci1.impactodigital.org\/en\/wp-json\/wp\/v2\/media?parent=2078"}],"curies":[{"name":"wp","href":"https:\/\/api.w.org\/{rel}","templated":true}]}}